{"id":1710,"date":"2023-08-14T09:34:19","date_gmt":"2023-08-14T09:34:19","guid":{"rendered":"https:\/\/theme-dev.cmsmasters.net\/lawbusiness-2\/?page_id=1710"},"modified":"2025-10-24T07:31:53","modified_gmt":"2025-10-24T07:31:53","slug":"about-us","status":"publish","type":"page","link":"https:\/\/krehiclaw.com\/hr\/","title":{"rendered":"O nama"},"content":{"rendered":"<div data-elementor-type=\"wp-page\" data-elementor-id=\"1710\" class=\"elementor elementor-1710\">\n\t\t\t\t<div class=\"elementor-element elementor-element-c082a9d e-flex e-con-boxed cmsmasters-bg-hide-none cmsmasters-bg-hide-none cmsmasters-block-default e-con e-parent\" data-id=\"c082a9d\" data-element_type=\"container\" data-settings=\"{&quot;background_background&quot;:&quot;classic&quot;}\">\n\t\t\t\t\t<div class=\"e-con-inner\">\n\t\t\t\t\t<\/div>\n\t\t\t\t<\/div>\n\t\t<div class=\"elementor-element elementor-element-43ba635 e-flex e-con-boxed cmsmasters-block-default e-con e-parent\" data-id=\"43ba635\" data-element_type=\"container\">\n\t\t\t\t\t<div class=\"e-con-inner\">\n\t\t\t\t<div class=\"elementor-element elementor-element-b203b8f cmsmasters-block-default cmsmasters-sticky-default elementor-widget elementor-widget-text-editor\" data-id=\"b203b8f\" data-element_type=\"widget\" data-widget_type=\"text-editor.default\">\n\t\t\t\t<div class=\"elementor-widget-container\">\n\t\t\t\t\t\t\t\t\t<p><span lang=\"HR\">Odvjetni\u010dki ured Krehi\u0107 je stru\u010dan u domeni M&amp;A, korporativnog i trgova\u010dkog prava, te tr\u017ei\u0161nog natjecanja. Iskusni smo u provo\u0111enju korporativnih transakcija u visoko-reguliranim industrijama. Tako\u0111er smo iskusni u podru\u010dju korporativnog prava, M&amp;A, bankarstva i financija, tr\u017ei\u0161nog natjecanja te uskla\u0111enosti\u00a0<\/span><span lang=\"HR\">sa dugogodi\u0161njim iskustvom rada u najistaknutijim me\u0111unarodnim i hrvatskim odvjetni\u010dkim dru\u0161tvima i vode\u0107im kompanijama.<\/span><\/p><p>Klijente zastupamo u lokalnim te prekograni\u010dnim strate\u0161kim spajanjima, pripajanjima te restrukturiranjima, lokalnim i prekograni\u010dnim akvizicijama, javno-privatnim partnerstvima, slo\u017eenim transakcijama podjele, odvajanja dijelova dru\u0161tva, zajedni\u010dkim pothvatima te ulaganjima i razli\u010ditim investicijskim projektima.<\/p><p><span lang=\"HR\">Zahvaljuju\u0107i bogatom pravnom i poslovnom iskustvu, posebno se bavimo specifi\u010dnim industrijskim\u00a0<\/span><span lang=\"HR\">sektorima<\/span><span lang=\"HR\">, uklju\u010duju\u0107i telekomunikacije i medije, informati\u010dko-komunikacijsku tehnologiju (IKT), financijskim sektorom, farmaceutskom industrijom te energetikom.<\/span><\/p><p>Odvjetni\u010dki ured Krehi\u0107, zajedno sa svojom mre\u017eom, djeluje aktivno u Adria regiji, Europi i SAD-u, \u0161to je istinski korisno klijentima koji posluju na ovim dinami\u010dnim i rastu\u0107im tr\u017ei\u0161tima.<\/p>\t\t\t\t\t\t\t\t<\/div>\n\t\t\t\t<\/div>\n\t\t\t\t\t<\/div>\n\t\t\t\t<\/div>\n\t\t\t\t<\/div>","protected":false},"excerpt":{"rendered":"<p>Law Office Krehic is an M&amp;A, commercial and competition legal practice in Croatia, with a breadth of expertise in all corporate transactions and corporate law matters across various highly regulated industries. We are leading M&amp;A, corporate, banking &amp; finance, antitrust and compliance\u00a0attorneys\u00a0with extensive experience in the most prominent Croatian law firms and largest companies. We&#8230;<\/p>","protected":false},"author":1,"featured_media":0,"parent":0,"menu_order":0,"comment_status":"closed","ping_status":"closed","template":"","meta":{"_acf_changed":false,"_monsterinsights_skip_tracking":false,"_monsterinsights_sitenote_active":false,"_monsterinsights_sitenote_note":"","_monsterinsights_sitenote_category":0,"footnotes":""},"class_list":["post-1710","page","type-page","status-publish","hentry"],"acf":[],"_links":{"self":[{"href":"https:\/\/krehiclaw.com\/hr\/wp-json\/wp\/v2\/pages\/1710","targetHints":{"allow":["GET"]}}],"collection":[{"href":"https:\/\/krehiclaw.com\/hr\/wp-json\/wp\/v2\/pages"}],"about":[{"href":"https:\/\/krehiclaw.com\/hr\/wp-json\/wp\/v2\/types\/page"}],"author":[{"embeddable":true,"href":"https:\/\/krehiclaw.com\/hr\/wp-json\/wp\/v2\/users\/1"}],"replies":[{"embeddable":true,"href":"https:\/\/krehiclaw.com\/hr\/wp-json\/wp\/v2\/comments?post=1710"}],"version-history":[{"count":149,"href":"https:\/\/krehiclaw.com\/hr\/wp-json\/wp\/v2\/pages\/1710\/revisions"}],"predecessor-version":[{"id":40869,"href":"https:\/\/krehiclaw.com\/hr\/wp-json\/wp\/v2\/pages\/1710\/revisions\/40869"}],"wp:attachment":[{"href":"https:\/\/krehiclaw.com\/hr\/wp-json\/wp\/v2\/media?parent=1710"}],"curies":[{"name":"wp","href":"https:\/\/api.w.org\/{rel}","templated":true}]}}