{"id":37138,"date":"2023-08-17T14:01:01","date_gmt":"2023-08-17T14:01:01","guid":{"rendered":"https:\/\/theme-dev.cmsmasters.net\/lawbusiness-2\/?page_id=37138"},"modified":"2026-01-13T14:17:19","modified_gmt":"2026-01-13T14:17:19","slug":"service-page","status":"publish","type":"page","link":"https:\/\/krehiclaw.com\/hr\/service-page\/","title":{"rendered":"Usluge &amp; Industrije"},"content":{"rendered":"<div data-elementor-type=\"wp-page\" data-elementor-id=\"37138\" class=\"elementor elementor-37138\">\n\t\t\t\t<div class=\"elementor-element elementor-element-b575b11 e-flex e-con-boxed cmsmasters-bg-hide-none cmsmasters-bg-hide-none cmsmasters-block-default e-con e-parent\" data-id=\"b575b11\" data-element_type=\"container\" data-settings=\"{&quot;background_background&quot;:&quot;classic&quot;}\">\n\t\t\t\t\t<div class=\"e-con-inner\">\n\t\t\t\t<div class=\"elementor-element elementor-element-2aaa766 cmsmasters-block-default cmsmasters-sticky-default elementor-widget elementor-widget-heading\" data-id=\"2aaa766\" data-element_type=\"widget\" data-widget_type=\"heading.default\">\n\t\t\t\t<div class=\"elementor-widget-container\">\n\t\t\t\t\t<h1 class=\"elementor-heading-title elementor-size-default\">Arhiva<\/h1>\t\t\t\t<\/div>\n\t\t\t\t<\/div>\n\t\t\t\t\t<\/div>\n\t\t\t\t<\/div>\n\t\t<div class=\"elementor-element elementor-element-37d5447 e-flex e-con-boxed cmsmasters-block-default e-con e-parent\" data-id=\"37d5447\" data-element_type=\"container\">\n\t\t\t\t\t<div class=\"e-con-inner\">\n\t\t\t\t<div class=\"elementor-element elementor-element-b8215a5 cmsmasters-block-default cmsmasters-sticky-default elementor-widget elementor-widget-heading\" data-id=\"b8215a5\" data-element_type=\"widget\" data-widget_type=\"heading.default\">\n\t\t\t\t<div class=\"elementor-widget-container\">\n\t\t\t\t\t<h4 class=\"elementor-heading-title elementor-size-default\">NA\u0160E USLUGE<\/h4>\t\t\t\t<\/div>\n\t\t\t\t<\/div>\n\t\t<div class=\"elementor-element elementor-element-b0044a8 e-con-full e-grid cmsmasters-block-default e-con e-child\" data-id=\"b0044a8\" data-element_type=\"container\">\n\t\t\t\t<div class=\"elementor-element elementor-element-8bae17e cmsmasters-block-default cmsmasters-sticky-default elementor-widget elementor-widget-text-editor\" data-id=\"8bae17e\" data-element_type=\"widget\" data-widget_type=\"text-editor.default\">\n\t\t\t\t<div class=\"elementor-widget-container\">\n\t\t\t\t\t\t\t\t\t<h6><b>Korporativno i trgova\u010dko pravo<\/b><\/h6><ul><li>Pru\u017eamo sveobuhvatnu pravnu podr\u0161ku u \u0161irokom rasponu korporativnih pitanja. Na\u0161e usluge uklju\u010duju pomo\u0107 pri korporativnom restrukturiranju, transformacijama, likvidaciji i ste\u010daju.<\/li><li>Nudimo pravne savjete o pitanjima koja se odnose na strana ulaganja i osiguravamo uskla\u0111enost dru\u0161tava dok provodimo temeljite procjene rizika. Na\u0161 tim ima iskustva u pregledu, pregovaranju i izradi raznih vrsta komercijalnih ugovora kako bi zadovoljili potrebe na\u0161ih klijenata. Osim toga, poma\u017eemo u osnivanju korporacija i dru\u0161tava u razli\u010ditim pravnim oblicima i strukturama, odr\u017eavanju korporativnih evidencija i osiguravanju ispravnog vo\u0111enja pravno obvezne dokumentacije.<\/li><li>Pru\u017eamo usluge izrade nacrta i pregovaranje ugovora o tajnosti, kao i ugovora o povjerljivosti i nagodbi, kako bismo za\u0161titili interese na\u0161ih klijenata.<\/li><\/ul>\t\t\t\t\t\t\t\t<\/div>\n\t\t\t\t<\/div>\n\t\t\t\t<div class=\"elementor-element elementor-element-6d3f8d7 cmsmasters-block-default cmsmasters-sticky-default elementor-widget elementor-widget-text-editor\" data-id=\"6d3f8d7\" data-element_type=\"widget\" data-widget_type=\"text-editor.default\">\n\t\t\t\t<div class=\"elementor-widget-container\">\n\t\t\t\t\t\t\t\t\t<h6><b>Spajanja, pripajanja i akvizicije<\/b><\/h6><ul><li>Pru\u017eamo sveobuhvatnu pravnu podr\u0161ku dru\u0161tvima u svakoj fazi transakcije, od po\u010detnih pregovora do zaklju\u010denja.<\/li><li>Na\u0161e usluge uklju\u010duju savjetovanje o optimalnim transakcijskim strukturama, kao i izradu i pregovaranje klju\u010dnih transakcijskih i prate\u0107ih dokumenata.<\/li><li>Svakoj transakciji pristupamo iz perspektive investicijskog slu\u010daja, nude\u0107i smjernice od po\u010detka do kraja koje obuhva\u0107aju kriti\u010dne faze kao \u0161to su pronala\u017eenje partnera i njihova provjera, dubinska analiza (due diligence), strukturiranje, obvezuju\u0107a dokumentacija, podno\u0161enje prijave koncentracije nadle\u017enom tijelu za za\u0161titu tr\u017ei\u0161nog natjecanja, integracija nakon spajanja i preuzimanja i uskla\u0111enost s propisima tr\u017ei\u0161ta kapitala.<\/li><li>Iskusni smo u provo\u0111enju procesa prodaje i preuzimanja kompanija, uklju\u010duju\u0107i transakcije privatnog i javnog sektora, za subjekte koji kotiraju, kao i one koji ne kotiraju, na burzi.<\/li><\/ul>\t\t\t\t\t\t\t\t<\/div>\n\t\t\t\t<\/div>\n\t\t\t\t<div class=\"elementor-element elementor-element-ad8569a cmsmasters-block-default cmsmasters-sticky-default elementor-widget elementor-widget-text-editor\" data-id=\"ad8569a\" data-element_type=\"widget\" data-widget_type=\"text-editor.default\">\n\t\t\t\t<div class=\"elementor-widget-container\">\n\t\t\t\t\t\t\t\t\t<h6><b>Tr\u017ei\u0161no natjecanje<\/b><\/h6><ul><li>Na\u0161 tim za tr\u017ei\u0161no natjecanje pru\u017ea stru\u010dnu pomo\u0107 u cijelom nizu usluga. Bavimo se kontrolom koncentracija i ocjenom koncentracije pred nadle\u017enim tijelom, osiguravaju\u0107i uskla\u0111enost s relevantnim propisima. Na\u0161a podr\u0161ka uklju\u010duje izradu dokumenata kao \u0161to su ugovori o distribuciji, ugovori o prodaji robe i drugi komercijalni ugovori ili poslovne politike. Savjetujemo o aspektima prava tr\u017ei\u0161nog natjecanja zajedni\u010dkih ulaganja i suradnje (joint ventures), daju\u0107i strate\u0161ke smjernice prilago\u0111ene potrebama na\u0161ih klijenata.<\/li><li>Tako\u0111er zastupamo klijente u istragama kartela i postupcima zlouporabe dominantnog polo\u017eaja, osiguravaju\u0107i za\u0161titu njihovih interesa. Na\u0161 tim razvija i provodi programe i preglede uskla\u0111enosti sa propisima tr\u017ei\u0161nog natjecanja specifi\u010dne za industriju, nude\u0107i prilago\u0111ena rje\u0161enja za razli\u010dite sektore. Osim toga, pru\u017eamo smjernice tijekom nenajavljenih pretraga (dawn raid) i sveobuhvatne savjete o pitanjima dr\u017eavne potpore.<\/li><\/ul>\t\t\t\t\t\t\t\t<\/div>\n\t\t\t\t<\/div>\n\t\t\t\t<div class=\"elementor-element elementor-element-97ded72 cmsmasters-block-default cmsmasters-sticky-default elementor-widget elementor-widget-text-editor\" data-id=\"97ded72\" data-element_type=\"widget\" data-widget_type=\"text-editor.default\">\n\t\t\t\t<div class=\"elementor-widget-container\">\n\t\t\t\t\t\t\t\t\t<h6><b>ESG<\/b><\/h6><ul><li>Fokus na ESG utje\u010de na svaku industriju, zahtijevaju\u0107i od poduze\u0107a da se prilagode sve ve\u0107im zahtjevima za odgovorno\u0161\u0107u i odr\u017eivo\u0161\u0107u. Pru\u017eamo vam vodstvo kroz ovaj slo\u017eeni krajolik koji se razvija.<\/li><li>Na\u0161 ESG tim pru\u017ea pravne savjete o svim aspektima odr\u017eivosti i odgovornosti, uklju\u010duju\u0107i ekolo\u0161ke, dru\u0161tvene i upravlja\u010dke dimenzije. Poma\u017eemo u internim razvojnim projektima i inicijativama koje organizacijama omogu\u0107uju da javno pridonesu \u0161irim ciljevima odr\u017eivosti.<\/li><li>Konkretno, pokrivamo <b>regulatorne okvire za za\u0161titu okoli\u0161a<\/b> za inicijative i strategije klimatskih promjena, uskla\u0111enost s propisima o odr\u017eivosti i razmatranje ESG-a i pitanja odr\u017eivosti u transakcijskoj dubinskoj analizi. Tako\u0111er savjetujemo o odr\u017eivom financiranju i dajemo smjernice za ubla\u017eavanje rizika povezanih s praksama manipulativnog zelenog marketinga (greenwashing).<\/li><\/ul>\t\t\t\t\t\t\t\t<\/div>\n\t\t\t\t<\/div>\n\t\t\t\t<div class=\"elementor-element elementor-element-95e7db5 cmsmasters-block-default cmsmasters-sticky-default elementor-widget elementor-widget-text-editor\" data-id=\"95e7db5\" data-element_type=\"widget\" data-widget_type=\"text-editor.default\">\n\t\t\t\t<div class=\"elementor-widget-container\">\n\t\t\t\t\t\t\t\t\t<h6><b>Bankarstvo &amp; financije<\/b><\/h6><ul><li>Na\u0161i klijenti imaju koristi od na\u0161eg opse\u017enog iskustva u bankarskom pravu iz transkacijske i regulatorne perspektive. Redovito savjetujemo i zajmodavce i zajmoprimce, pru\u017eaju\u0107i duboko razumijevanje izazova s \u200b\u200bkojima se suo\u010davaju sudionici na tr\u017ei\u0161tu. Uzimaju\u0107i u obzir cijeli spektar poslovnih implikacija u transakcijama financiranja, strukturiramo i dogovaramo uvjete ugovora koji su fleksibilni, realni i prakti\u010dni za provedbu.<\/li><li>Pru\u017eamo savjete u akviziciji i financiranju uz pomo\u0107 financijske poluge, fintechu, financiranju imovine, projektnom financiranju, bilateralnom i sindiciranom financiranju, financiranju nekretnina, tr\u017ei\u0161tima kapitala, restrukturiranju i nesolventnosti, problemati\u010dnim dugovima i NPL-ovima, sekuritizaciji i strukturiranom financiranju te financijskoj regulaciji.<\/li><\/ul>\t\t\t\t\t\t\t\t<\/div>\n\t\t\t\t<\/div>\n\t\t\t\t<div class=\"elementor-element elementor-element-ce70022 cmsmasters-block-default cmsmasters-sticky-default elementor-widget elementor-widget-text-editor\" data-id=\"ce70022\" data-element_type=\"widget\" data-widget_type=\"text-editor.default\">\n\t\t\t\t<div class=\"elementor-widget-container\">\n\t\t\t\t\t\t\t\t\t<h6><b>Tehnologija i za\u0161tita podataka<\/b><\/h6><ul><li>Poma\u017eemo organizacijama u snala\u017eenju u slo\u017eenosti sve povezanijeg svijeta poma\u017eu\u0107i im identificirati i upravljati rizicima i prilikama vezanim uz osobne podatke. Na\u0161a podr\u0161ka omogu\u0107uje klijentima da se strate\u0161ki i operativno pozabave izazovima upravljanja povezanima s globalizacijom, dok ugra\u0111uju okvire za\u0161tite podataka unutar svojih organizacija.<\/li><li>Poma\u017eemo klijentima predvidjeti i uskladiti se sa slo\u017eenim zakonskim i regulatornim zahtjevima, iskoristiti tehnologiju koja se brzo razvija i implementirati u\u010dinkovite planove restrukturiranja procesa i promicanja prilago\u0111ene potrebama klijenata.<\/li><\/ul>\t\t\t\t\t\t\t\t<\/div>\n\t\t\t\t<\/div>\n\t\t\t\t<div class=\"elementor-element elementor-element-e0cd23a cmsmasters-block-default cmsmasters-sticky-default elementor-widget elementor-widget-text-editor\" data-id=\"e0cd23a\" data-element_type=\"widget\" data-widget_type=\"text-editor.default\">\n\t\t\t\t<div class=\"elementor-widget-container\">\n\t\t\t\t\t\t\t\t\t<h6><b>Radno pravo<\/b><\/h6><ul><li>Pru\u017eamo sveobuhvatnu podr\u0161ku u individualnom radnom pravu, bave\u0107i se svim aspektima zapo\u0161ljavanja i otpu\u0161tanja zaposlenika, sastavljaju\u0107i ugovore o radu, priru\u010dnike i politike, upravljaju\u0107i u\u010dinkom zaposlenika, rje\u0161avaju\u0107i pitanja pla\u0107a, savjetuju\u0107i o zabrani natjecanja i ograni\u010davaju\u0107im odredbama te osiguravaju\u0107i uskla\u0111enost s propisima. \u00a0<\/li><li>Na\u0161e usluge tako\u0111er uklju\u010duju pomo\u0107 u stvaranju skalabilne, privremene radne snage kako bi se poslodavcima pomoglo da se prilagode promjenjivim poslovnim potrebama. Vodimo organizacije kroz transformaciju radne snage, pru\u017eamo stru\u010dnost u dizajniranju struktura naknada i beneficija te nudimo usluge upravljanja ljudskim resursima, regulatorne i pravne savjetodavne usluge. To uklju\u010duje provedbu programa uskla\u0111ivanja i osiguravanje po\u0161tivanja lokalnih propisa o zapo\u0161ljavanju, poma\u017eu\u0107i poslodavcima u odr\u017eavanju pune uskla\u0111enosti s propisima.<\/li><\/ul>\t\t\t\t\t\t\t\t<\/div>\n\t\t\t\t<\/div>\n\t\t\t\t<div class=\"elementor-element elementor-element-c64a716 cmsmasters-block-default cmsmasters-sticky-default elementor-widget elementor-widget-text-editor\" data-id=\"c64a716\" data-element_type=\"widget\" data-widget_type=\"text-editor.default\">\n\t\t\t\t<div class=\"elementor-widget-container\">\n\t\t\t\t\t\t\t\t\t<h6><b>Poslovni integritet<\/b><\/h6><ul><li>Na\u0161 tim poma\u017ee organizacijama u stvaranju robusnih sustava upravljanja uskla\u0111eno\u0161\u0107u, uklju\u010duju\u0107i politike, procedure i mjere osmi\u0161ljene za ubla\u017eavanje pravnih, poslovnih i reputacijskih rizika. Kombiniraju\u0107i napredne mogu\u0107nosti otkrivanja i analitike s opse\u017enom pravnom ekspertizom, u\u010dinkovito upravljamo \u010dak i najslo\u017eenijim internim istragama.<\/li><li>Na\u0161e usluge vezane uz nenajavljene pretrage (dawn raid) posebno su skrojene za pripremu dru\u0161tva za neo\u010dekivane regulatorne inspekcije. Dobro pripremljena reakcija na nenajavljenu pretragu mo\u017ee za\u0161tititi dru\u0161tvo od kazni i potencijalnih drugih posljedica. Osim toga, blisko sura\u0111ujemo s kolegama diljem jurisdikcija EU-a, \u0161to nam daje dragocjene uvide u regulatorne prakse i pristupe.<\/li><li>Ako stvar eskalira do kaznene istrage, sura\u0111ujemo sa specijaliziranim odvjetnicima za kazneno pravo kako bismo pru\u017eili sna\u017enu obranu na\u0161im klijentima.<\/li><\/ul>\t\t\t\t\t\t\t\t<\/div>\n\t\t\t\t<\/div>\n\t\t\t\t<div class=\"elementor-element elementor-element-4c5f2ae cmsmasters-block-default cmsmasters-sticky-default elementor-widget elementor-widget-text-editor\" data-id=\"4c5f2ae\" data-element_type=\"widget\" data-widget_type=\"text-editor.default\">\n\t\t\t\t<div class=\"elementor-widget-container\">\n\t\t\t\t\t\t\t\t\t<h6><b>Nekretnine<\/b><\/h6><ul><li>Pru\u017eamo sveobuhvatnu pravnu podr\u0161ku vode\u0107im dru\u0161tvima za nekretnine, gra\u0111evinskim i in\u017eenjerskim tvrtkama te investitorima u nekretnine. Na\u0161 \u0161iroki raspon usluga zadovoljava razli\u010dite potrebe klijenata koji se bave nekretninama, uklju\u010duju\u0107i pomo\u0107 pri kupnji nekretnina i ulaganjima, razvoju, planiranju i pitanjima kori\u0161tenja zemlji\u0161ta.<\/li><li><span lang=\"HR\">Savjetujemo\u00a0<\/span><span lang=\"HR\">klijente u<\/span><span lang=\"HR\">\u00a0financiranju nekretnina, strukturiranju zajedni\u010dkih ulaganja i vo\u0111enju poslova i restrukturiranja nekretnina.<\/span><\/li><li>Osim toga, na\u0161 tim pru\u017ea savjete o zakupu nekretnina, zastupaju\u0107i i zakupodavce i zakupoprimce kako bismo osigurali da su njihovi interesi u\u010dinkovito za\u0161ti\u0107eni.<\/li><\/ul>\t\t\t\t\t\t\t\t<\/div>\n\t\t\t\t<\/div>\n\t\t\t\t<div class=\"elementor-element elementor-element-2835ded cmsmasters-block-default cmsmasters-sticky-default elementor-widget elementor-widget-text-editor\" data-id=\"2835ded\" data-element_type=\"widget\" data-widget_type=\"text-editor.default\">\n\t\t\t\t<div class=\"elementor-widget-container\">\n\t\t\t\t\t\t\t\t\t<h6><b>Rje\u0161avanje sporova<\/b><\/h6><ul><li>Poma\u017eemo klijentima u u\u010dinkovitom upravljanju sukobima, nastoje\u0107i izbje\u0107i parnice kad god je to mogu\u0107e. Kada sudski spor postane neizbje\u017ean, zastupamo klijente na sudu kako bismo osigurali povoljni ishod.<\/li><li>Nudimo sveobuhvatnu podr\u0161ku u rje\u0161avanju sporova, arbitra\u017eama, parnicama te sudskim i izvansudskim nagodbama, osiguravaju\u0107i za\u0161titu interesa na\u0161ih klijenata u svakoj fazi procesa.<\/li><\/ul>\t\t\t\t\t\t\t\t<\/div>\n\t\t\t\t<\/div>\n\t\t\t\t<\/div>\n\t\t\t\t<div class=\"elementor-element elementor-element-17cf21b cmsmasters-block-default cmsmasters-sticky-default elementor-widget elementor-widget-heading\" data-id=\"17cf21b\" data-element_type=\"widget\" data-widget_type=\"heading.default\">\n\t\t\t\t<div class=\"elementor-widget-container\">\n\t\t\t\t\t<h4 class=\"elementor-heading-title elementor-size-default\">INDUSTRIJE U FOKUSU<\/h4>\t\t\t\t<\/div>\n\t\t\t\t<\/div>\n\t\t<div class=\"elementor-element elementor-element-979c397 e-con-full e-grid cmsmasters-block-default e-con e-child\" data-id=\"979c397\" data-element_type=\"container\">\n\t\t\t\t<div class=\"elementor-element elementor-element-430bd52 cmsmasters-block-default cmsmasters-sticky-default elementor-widget elementor-widget-text-editor\" data-id=\"430bd52\" data-element_type=\"widget\" data-widget_type=\"text-editor.default\">\n\t\t\t\t<div class=\"elementor-widget-container\">\n\t\t\t\t\t\t\t\t\t<ul><li>Telekomunikacije &amp; mediji<\/li><li>IT<\/li><li>Bankarstvo &amp; financije<\/li><li>Osiguranja<\/li><li>Hoteljerstvo<\/li><li>Logistika<\/li><li>Energetika<\/li><li>Farmaceutika<\/li><li>Arhitektura<\/li><\/ul>\t\t\t\t\t\t\t\t<\/div>\n\t\t\t\t<\/div>\n\t\t\t\t<\/div>\n\t\t\t\t\t<\/div>\n\t\t\t\t<\/div>\n\t\t\t\t<\/div>","protected":false},"excerpt":{"rendered":"<p>OUR SERVICES Corporate and Commercial Law We provide comprehensive legal support across a wide range of corporate matters. Our services include assisting with corporate restructuring, transformations, dissolution, and liquidation processes. We offer legal counsel on issues related to foreign investments and ensure corporate compliance while conducting thorough risk assessments. Our team is experienced in reviewing,&#8230;<\/p>","protected":false},"author":1,"featured_media":0,"parent":0,"menu_order":0,"comment_status":"closed","ping_status":"closed","template":"","meta":{"_acf_changed":false,"_monsterinsights_skip_tracking":false,"_monsterinsights_sitenote_active":false,"_monsterinsights_sitenote_note":"","_monsterinsights_sitenote_category":0,"footnotes":""},"class_list":["post-37138","page","type-page","status-publish","hentry"],"acf":[],"_links":{"self":[{"href":"https:\/\/krehiclaw.com\/hr\/wp-json\/wp\/v2\/pages\/37138","targetHints":{"allow":["GET"]}}],"collection":[{"href":"https:\/\/krehiclaw.com\/hr\/wp-json\/wp\/v2\/pages"}],"about":[{"href":"https:\/\/krehiclaw.com\/hr\/wp-json\/wp\/v2\/types\/page"}],"author":[{"embeddable":true,"href":"https:\/\/krehiclaw.com\/hr\/wp-json\/wp\/v2\/users\/1"}],"replies":[{"embeddable":true,"href":"https:\/\/krehiclaw.com\/hr\/wp-json\/wp\/v2\/comments?post=37138"}],"version-history":[{"count":251,"href":"https:\/\/krehiclaw.com\/hr\/wp-json\/wp\/v2\/pages\/37138\/revisions"}],"predecessor-version":[{"id":40925,"href":"https:\/\/krehiclaw.com\/hr\/wp-json\/wp\/v2\/pages\/37138\/revisions\/40925"}],"wp:attachment":[{"href":"https:\/\/krehiclaw.com\/hr\/wp-json\/wp\/v2\/media?parent=37138"}],"curies":[{"name":"wp","href":"https:\/\/api.w.org\/{rel}","templated":true}]}}