{"id":37444,"date":"2023-08-18T12:46:42","date_gmt":"2023-08-18T12:46:42","guid":{"rendered":"https:\/\/theme-dev.cmsmasters.net\/lawbusiness-2\/?page_id=37444"},"modified":"2026-04-09T13:45:56","modified_gmt":"2026-04-09T13:45:56","slug":"our-attorneys","status":"publish","type":"page","link":"https:\/\/krehiclaw.com\/hr\/our-attorneys\/","title":{"rendered":"Na\u0161 tim"},"content":{"rendered":"<div data-elementor-type=\"wp-page\" data-elementor-id=\"37444\" class=\"elementor elementor-37444\">\n\t\t\t\t<div class=\"elementor-element elementor-element-1e92a74 e-flex e-con-boxed cmsmasters-bg-hide-none cmsmasters-bg-hide-none cmsmasters-block-default e-con e-parent\" data-id=\"1e92a74\" data-element_type=\"container\" data-settings=\"{&quot;background_background&quot;:&quot;classic&quot;}\">\n\t\t\t\t\t<div class=\"e-con-inner\">\n\t\t\t\t<div class=\"elementor-element elementor-element-4b6de6c cmsmasters-block-default cmsmasters-sticky-default elementor-widget elementor-widget-heading\" data-id=\"4b6de6c\" data-element_type=\"widget\" data-widget_type=\"heading.default\">\n\t\t\t\t<div class=\"elementor-widget-container\">\n\t\t\t\t\t<h1 class=\"elementor-heading-title elementor-size-default\">Arhiva<\/h1>\t\t\t\t<\/div>\n\t\t\t\t<\/div>\n\t\t\t\t\t<\/div>\n\t\t\t\t<\/div>\n\t\t<div class=\"elementor-element elementor-element-3509794 e-flex e-con-boxed cmsmasters-block-default e-con e-parent\" data-id=\"3509794\" data-element_type=\"container\">\n\t\t\t\t\t<div class=\"e-con-inner\">\n\t\t\t\t<div class=\"elementor-element elementor-element-80ba916 cmsmasters-block-default cmsmasters-sticky-default elementor-widget elementor-widget-heading\" data-id=\"80ba916\" data-element_type=\"widget\" data-widget_type=\"heading.default\">\n\t\t\t\t<div class=\"elementor-widget-container\">\n\t\t\t\t\t<h3 class=\"elementor-heading-title elementor-size-default\">Odvjetnici<\/h3>\t\t\t\t<\/div>\n\t\t\t\t<\/div>\n\t\t<div class=\"elementor-element elementor-element-f20b615 e-con-full e-flex cmsmasters-block-default e-con e-child\" data-id=\"f20b615\" data-element_type=\"container\">\n\t\t<div class=\"elementor-element elementor-element-75d62af e-grid e-con-full cmsmasters-block-default e-con e-child\" data-id=\"75d62af\" data-element_type=\"container\">\n\t\t\t\t<div class=\"elementor-element elementor-element-b2d8834 cmsmasters-block-default cmsmasters-sticky-default elementor-widget elementor-widget-text-editor\" data-id=\"b2d8834\" data-element_type=\"widget\" data-widget_type=\"text-editor.default\">\n\t\t\t\t<div class=\"elementor-widget-container\">\n\t\t\t\t\t\t\t\t\t<p><img fetchpriority=\"high\" decoding=\"async\" src=\"https:\/\/krehiclaw.com\/wp-content\/uploads\/2025\/01\/285B9780-200x300.jpg\" alt=\"\" width=\"200\" height=\"300\" \/><\/p><p><strong>Tarja Krehi\u0107<\/strong><\/p><p>Odvjetnik<\/p><p>\u00a0<\/p><p>Tarja Krehi\u0107, hrvatska odvjetnica s preko 20 godina uspje\u0161ne odvjetni\u010dke prakse, pru\u017ea sveobuhvatne pravne savjete brojnim me\u0111unarodnim i doma\u0107im klijentima.<\/p><p>\u00a0<\/p><p>Kroz godine iskustva u zastupanju klijenata u velikim lokalnim\/prekograni\u010dnim strate\u0161kim spajanjima i preuzimanjima i grupnim restrukturiranjima, lokalnim i prekograni\u010dnim akvizicijama i raspolaganjima, slo\u017eenim transakcijama izdvajanja, zajedni\u010dkim pothvatima (joint ventures) te  javno-privatnim partnerstvima, Tarja ima opse\u017eno iskustvo u spajanjima i preuzimanjima i korporativnom pravu. Osim toga, Tarja poma\u017ee klijentima u osjetljivim pitanjima uskla\u0111enosti i GDPR-a, korporativnog upravljanja i pitanja uskla\u0111enosti, strukturiranja ESOP transakcija, izdavanja obveznica i internog upravljanja rizicima i pitanjima restrukturiranja zapo\u0161ljavanja. Kao rezultat pravnog i poslovnog aspekta odvjetni\u010dke prakse, savjetujemo klijente iz industrija poput ICT-a, telekomunikacija i medija, farmacije i energetike. Iako istinski utemeljena u Hrvatskoj, kroz sna\u017enu regionalnu mre\u017eu, ona aktivno povezuje aktivnosti u Adrija regiji, Europi i \u0161ire, \u0161to predstavlja stvarnu korist za klijente koji posluju na ovim dinami\u010dnim i rastu\u0107im tr\u017ei\u0161tima.<\/p><p>\u00a0<\/p><p><span style=\"background-color: rgba(0, 0, 0, 0);\">Tarja ima diplomu magistre prava, LL.M., na US Duke Law School, kao biv\u0161i stipendist ameri\u010dkog State Departmenta Ron Brown Fellowship, i LL.B. diplome na Sveu\u010dili\u0161tu u Zagrebu, Hrvatska. Predsjednica je Hrvatske udruge \u017eena u pravnoj profesiji (HUZUPP).<\/span><\/p><p>\u00a0<\/p><p><a href=\"mailto:tkrehic@krehiclaw.com\">tkrehic@krehiclaw.com<\/a><\/p>\t\t\t\t\t\t\t\t<\/div>\n\t\t\t\t<\/div>\n\t\t\t\t<\/div>\n\t\t\t\t<\/div>\n\t\t\t\t\t<\/div>\n\t\t\t\t<\/div>\n\t\t<div class=\"elementor-element elementor-element-49b172e e-flex e-con-boxed cmsmasters-block-default e-con e-parent\" data-id=\"49b172e\" data-element_type=\"container\">\n\t\t\t\t\t<div class=\"e-con-inner\">\n\t\t<div class=\"elementor-element elementor-element-b38fbf7 e-flex e-con-boxed cmsmasters-block-default e-con e-child\" data-id=\"b38fbf7\" data-element_type=\"container\">\n\t\t\t\t\t<div class=\"e-con-inner\">\n\t\t<div class=\"elementor-element elementor-element-792e171 e-con-full e-flex cmsmasters-block-default e-con e-child\" data-id=\"792e171\" data-element_type=\"container\">\n\t\t\t\t<div class=\"elementor-element elementor-element-cc62120 cmsmasters-block-default cmsmasters-sticky-default elementor-widget elementor-widget-heading\" data-id=\"cc62120\" data-element_type=\"widget\" data-widget_type=\"heading.default\">\n\t\t\t\t<div class=\"elementor-widget-container\">\n\t\t\t\t\t<h3 class=\"elementor-heading-title elementor-size-default\">Tim vje\u017ebenika<\/h3>\t\t\t\t<\/div>\n\t\t\t\t<\/div>\n\t\t\t\t<\/div>\n\t\t<div class=\"elementor-element elementor-element-e46be20 e-con-full e-flex cmsmasters-block-default e-con e-child\" data-id=\"e46be20\" data-element_type=\"container\">\n\t\t\t\t<\/div>\n\t\t\t\t\t<\/div>\n\t\t\t\t<\/div>\n\t\t\t\t\t<\/div>\n\t\t\t\t<\/div>\n\t\t\t\t<\/div>","protected":false},"excerpt":{"rendered":"<p>Attorneys Tarja Krehi\u0107 Attorney at Law \u00a0 Tarja Krehi\u0107, Croatian attorney-at-law and with over 20 years of successful legal practice, providing a comprehensive legal advice to numerous international and domestic clients. \u00a0 Through years of experience in representing clients in major local\/cross-border strategic M&amp;A and group restructurings, local and cross-border acquisitions and dispositions, complex carve-out&#8230;<\/p>","protected":false},"author":1,"featured_media":0,"parent":0,"menu_order":0,"comment_status":"closed","ping_status":"closed","template":"","meta":{"_acf_changed":false,"_monsterinsights_skip_tracking":false,"_monsterinsights_sitenote_active":false,"_monsterinsights_sitenote_note":"","_monsterinsights_sitenote_category":0,"footnotes":""},"class_list":["post-37444","page","type-page","status-publish","hentry"],"acf":[],"_links":{"self":[{"href":"https:\/\/krehiclaw.com\/hr\/wp-json\/wp\/v2\/pages\/37444","targetHints":{"allow":["GET"]}}],"collection":[{"href":"https:\/\/krehiclaw.com\/hr\/wp-json\/wp\/v2\/pages"}],"about":[{"href":"https:\/\/krehiclaw.com\/hr\/wp-json\/wp\/v2\/types\/page"}],"author":[{"embeddable":true,"href":"https:\/\/krehiclaw.com\/hr\/wp-json\/wp\/v2\/users\/1"}],"replies":[{"embeddable":true,"href":"https:\/\/krehiclaw.com\/hr\/wp-json\/wp\/v2\/comments?post=37444"}],"version-history":[{"count":210,"href":"https:\/\/krehiclaw.com\/hr\/wp-json\/wp\/v2\/pages\/37444\/revisions"}],"predecessor-version":[{"id":40969,"href":"https:\/\/krehiclaw.com\/hr\/wp-json\/wp\/v2\/pages\/37444\/revisions\/40969"}],"wp:attachment":[{"href":"https:\/\/krehiclaw.com\/hr\/wp-json\/wp\/v2\/media?parent=37444"}],"curies":[{"name":"wp","href":"https:\/\/api.w.org\/{rel}","templated":true}]}}